{"id":3047,"date":"2025-11-03T06:03:42","date_gmt":"2025-11-03T06:03:42","guid":{"rendered":"https:\/\/lijmedtube.com\/?page_id=3047"},"modified":"2026-03-21T14:47:40","modified_gmt":"2026-03-21T06:47:40","slug":"resources","status":"publish","type":"page","link":"https:\/\/lijmedtube.com\/es\/resources\/","title":{"rendered":"Recursos"},"content":{"rendered":"<div data-elementor-type=\"wp-page\" data-elementor-id=\"3047\" class=\"elementor elementor-3047\" data-elementor-post-type=\"page\">\n\t\t\t\t<div class=\"elementor-element elementor-element-25bbaa6 e-flex e-con-boxed e-con e-parent\" data-id=\"25bbaa6\" data-element_type=\"container\" data-e-type=\"container\">\n\t\t\t\t\t<div class=\"e-con-inner\">\n\t\t\t\t<div class=\"elementor-element elementor-element-f06185e elementor-widget elementor-widget-spacer\" data-id=\"f06185e\" data-element_type=\"widget\" data-e-type=\"widget\" data-widget_type=\"spacer.default\">\n\t\t\t\t<div class=\"elementor-widget-container\">\n\t\t\t\t\t\t\t<div class=\"elementor-spacer\">\n\t\t\t<div class=\"elementor-spacer-inner\"><\/div>\n\t\t<\/div>\n\t\t\t\t\t\t<\/div>\n\t\t\t\t<\/div>\n\t\t\t\t\t<\/div>\n\t\t\t\t<\/div>\n\t\t<div class=\"elementor-element elementor-element-371bec5 e-flex e-con-boxed e-con e-parent\" data-id=\"371bec5\" data-element_type=\"container\" data-e-type=\"container\">\n\t\t\t\t\t<div class=\"e-con-inner\">\n\t\t\t\t<div class=\"elementor-element elementor-element-939b3af elementor-grid-3 elementor-grid-tablet-2 elementor-grid-mobile-1 elementor-posts--thumbnail-top elementor-widget elementor-widget-posts\" data-id=\"939b3af\" data-element_type=\"widget\" data-e-type=\"widget\" data-settings=\"{&quot;classic_columns&quot;:&quot;3&quot;,&quot;classic_columns_tablet&quot;:&quot;2&quot;,&quot;classic_columns_mobile&quot;:&quot;1&quot;,&quot;classic_row_gap&quot;:{&quot;unit&quot;:&quot;px&quot;,&quot;size&quot;:35,&quot;sizes&quot;:[]},&quot;classic_row_gap_tablet&quot;:{&quot;unit&quot;:&quot;px&quot;,&quot;size&quot;:&quot;&quot;,&quot;sizes&quot;:[]},&quot;classic_row_gap_mobile&quot;:{&quot;unit&quot;:&quot;px&quot;,&quot;size&quot;:&quot;&quot;,&quot;sizes&quot;:[]}}\" data-widget_type=\"posts.classic\">\n\t\t\t\t<div class=\"elementor-widget-container\">\n\t\t\t\t\t\t\t<div class=\"elementor-posts-container elementor-posts elementor-posts--skin-classic elementor-grid\" role=\"list\">\n\t\t\t\t<article class=\"elementor-post elementor-grid-item post-3576 post type-post status-publish format-standard has-post-thumbnail hentry category-medical-articles\" role=\"listitem\">\n\t\t\t\t<a class=\"elementor-post__thumbnail__link\" href=\"https:\/\/lijmedtube.com\/es\/in-depth-analysis-of-cgm-insertion-needle-technology-structure-design-and-future-trends\/\" tabindex=\"-1\" >\n\t\t\t<div class=\"elementor-post__thumbnail\"><img fetchpriority=\"high\" decoding=\"async\" width=\"300\" height=\"169\" src=\"https:\/\/lijmedtube.com\/wp-content\/uploads\/2026\/03\/lijmedtube-cgm-300x169.png\" class=\"attachment-medium size-medium wp-image-3577\" alt=\"\" srcset=\"https:\/\/lijmedtube.com\/wp-content\/uploads\/2026\/03\/lijmedtube-cgm-300x169.png 300w, https:\/\/lijmedtube.com\/wp-content\/uploads\/2026\/03\/lijmedtube-cgm-1024x576.png 1024w, https:\/\/lijmedtube.com\/wp-content\/uploads\/2026\/03\/lijmedtube-cgm-768x432.png 768w, https:\/\/lijmedtube.com\/wp-content\/uploads\/2026\/03\/lijmedtube-cgm-1536x864.png 1536w, https:\/\/lijmedtube.com\/wp-content\/uploads\/2026\/03\/lijmedtube-cgm-18x10.png 18w, https:\/\/lijmedtube.com\/wp-content\/uploads\/2026\/03\/lijmedtube-cgm.png 1920w\" sizes=\"(max-width: 300px) 100vw, 300px\" \/><\/div>\n\t\t<\/a>\n\t\t\t\t<div class=\"elementor-post__text\">\n\t\t\t\t<h3 class=\"elementor-post__title\">\n\t\t\t<a href=\"https:\/\/lijmedtube.com\/es\/in-depth-analysis-of-cgm-insertion-needle-technology-structure-design-and-future-trends\/\" >\n\t\t\t\tAn\u00e1lisis en profundidad de la tecnolog\u00eda de agujas de inserci\u00f3n de MCG: Estructura, dise\u00f1o y tendencias futuras\t\t\t<\/a>\n\t\t<\/h3>\n\t\t\t\t<div class=\"elementor-post__meta-data\">\n\t\t\t\t\t<span class=\"elementor-post-date\">\n\t\t\t16 de marzo de 2026\t\t<\/span>\n\t\t\t\t<span class=\"elementor-post-avatar\">\n\t\t\tNo hay comentarios\t\t<\/span>\n\t\t\t\t<\/div>\n\t\t\t\t<div class=\"elementor-post__excerpt\">\n\t\t\t<p>Introducci\u00f3n Los sistemas de monitorizaci\u00f3n continua de la glucosa (MCG) se han convertido en una herramienta esencial para el control de la diabetes. Un componente clave de estos sistemas es la aguja de inserci\u00f3n, que introduce el sensor en el tejido subcut\u00e1neo. Aunque la aguja s\u00f3lo se utiliza temporalmente para la inserci\u00f3n, su dise\u00f1o y material influyen directamente en la comodidad del paciente, la precisi\u00f3n del sensor y la fiabilidad a largo plazo. Este art\u00edculo<\/p>\n\t\t<\/div>\n\t\t\n\t\t<a class=\"elementor-post__read-more\" href=\"https:\/\/lijmedtube.com\/es\/in-depth-analysis-of-cgm-insertion-needle-technology-structure-design-and-future-trends\/\" aria-label=\"M\u00e1s informaci\u00f3n sobre In-Depth Analysis of CGM Insertion Needle Technology: Structure, Design, and Future Trends\" tabindex=\"-1\" >\n\t\t\tLeer M\u00e1s \u00bb\t\t<\/a>\n\n\t\t\t\t<\/div>\n\t\t\t\t<\/article>\n\t\t\t\t<article class=\"elementor-post elementor-grid-item post-3238 post type-post status-publish format-standard has-post-thumbnail hentry category-medical-articles\" role=\"listitem\">\n\t\t\t\t<a class=\"elementor-post__thumbnail__link\" href=\"https:\/\/lijmedtube.com\/es\/pulsed-field-ablation\/\" tabindex=\"-1\" >\n\t\t\t<div class=\"elementor-post__thumbnail\"><img decoding=\"async\" width=\"300\" height=\"161\" src=\"https:\/\/lijmedtube.com\/wp-content\/uploads\/2025\/11\/42345d83aefb6180e36f8b38f10be0fa-300x161.png\" class=\"attachment-medium size-medium wp-image-3239\" alt=\"Pulsed Field Ablation\" srcset=\"https:\/\/lijmedtube.com\/wp-content\/uploads\/2025\/11\/42345d83aefb6180e36f8b38f10be0fa-300x161.png 300w, https:\/\/lijmedtube.com\/wp-content\/uploads\/2025\/11\/42345d83aefb6180e36f8b38f10be0fa-1024x551.png 1024w, https:\/\/lijmedtube.com\/wp-content\/uploads\/2025\/11\/42345d83aefb6180e36f8b38f10be0fa-768x413.png 768w, https:\/\/lijmedtube.com\/wp-content\/uploads\/2025\/11\/42345d83aefb6180e36f8b38f10be0fa-1536x827.png 1536w, https:\/\/lijmedtube.com\/wp-content\/uploads\/2025\/11\/42345d83aefb6180e36f8b38f10be0fa-600x323.png 600w, https:\/\/lijmedtube.com\/wp-content\/uploads\/2025\/11\/42345d83aefb6180e36f8b38f10be0fa.png 1605w\" sizes=\"(max-width: 300px) 100vw, 300px\" \/><\/div>\n\t\t<\/a>\n\t\t\t\t<div class=\"elementor-post__text\">\n\t\t\t\t<h3 class=\"elementor-post__title\">\n\t\t\t<a href=\"https:\/\/lijmedtube.com\/es\/pulsed-field-ablation\/\" >\n\t\t\t\tAblaci\u00f3n de campo pulsado\t\t\t<\/a>\n\t\t<\/h3>\n\t\t\t\t<div class=\"elementor-post__meta-data\">\n\t\t\t\t\t<span class=\"elementor-post-date\">\n\t\t\t11 de noviembre de 2025\t\t<\/span>\n\t\t\t\t<span class=\"elementor-post-avatar\">\n\t\t\tNo hay comentarios\t\t<\/span>\n\t\t\t\t<\/div>\n\t\t\t\t<div class=\"elementor-post__excerpt\">\n\t\t\t<p>Una soluci\u00f3n m\u00e1s segura para la fibrilaci\u00f3n auricular Introducci\u00f3n La ablaci\u00f3n por campo pulsado (PFA) es un nuevo m\u00e9todo no t\u00e9rmico para tratar la fibrilaci\u00f3n auricular (FA). Utiliza pulsos cortos de alto voltaje para destruir las c\u00e9lulas del m\u00fasculo cardiaco. A diferencia de la radiofrecuencia tradicional o la crioablaci\u00f3n, la AGP protege los tejidos cercanos, como los nervios, el es\u00f3fago y los vasos sangu\u00edneos. C\u00f3mo funciona la PFA La PFA funciona por electroporaci\u00f3n.<\/p>\n\t\t<\/div>\n\t\t\n\t\t<a class=\"elementor-post__read-more\" href=\"https:\/\/lijmedtube.com\/es\/pulsed-field-ablation\/\" aria-label=\"M\u00e1s informaci\u00f3n sobre Pulsed Field Ablation\" tabindex=\"-1\" >\n\t\t\tLeer M\u00e1s \u00bb\t\t<\/a>\n\n\t\t\t\t<\/div>\n\t\t\t\t<\/article>\n\t\t\t\t<\/div>\n\t\t\n\t\t\t\t\t\t<\/div>\n\t\t\t\t<\/div>\n\t\t\t\t\t<\/div>\n\t\t\t\t<\/div>\n\t\t\t\t<\/div>","protected":false},"excerpt":{"rendered":"","protected":false},"author":1,"featured_media":0,"parent":0,"menu_order":0,"comment_status":"closed","ping_status":"closed","template":"","meta":{"site-sidebar-layout":"no-sidebar","site-content-layout":"page-builder","ast-site-content-layout":"full-width-container","site-content-style":"default","site-sidebar-style":"default","ast-global-header-display":"","ast-banner-title-visibility":"","ast-main-header-display":"","ast-hfb-above-header-display":"","ast-hfb-below-header-display":"","ast-hfb-mobile-header-display":"","site-post-title":"disabled","ast-breadcrumbs-content":"","ast-featured-img":"disabled","footer-sml-layout":"","ast-disable-related-posts":"","theme-transparent-header-meta":"","adv-header-id-meta":"","stick-header-meta":"","header-above-stick-meta":"","header-main-stick-meta":"","header-below-stick-meta":"","astra-migrate-meta-layouts":"set","ast-page-background-enabled":"default","ast-page-background-meta":{"desktop":{"background-color":"","background-image":"","background-repeat":"repeat","background-position":"center center","background-size":"auto","background-attachment":"scroll","background-type":"","background-media":"","overlay-type":"","overlay-color":"","overlay-opacity":"","overlay-gradient":""},"tablet":{"background-color":"","background-image":"","background-repeat":"repeat","background-position":"center center","background-size":"auto","background-attachment":"scroll","background-type":"","background-media":"","overlay-type":"","overlay-color":"","overlay-opacity":"","overlay-gradient":""},"mobile":{"background-color":"","background-image":"","background-repeat":"repeat","background-position":"center center","background-size":"auto","background-attachment":"scroll","background-type":"","background-media":"","overlay-type":"","overlay-color":"","overlay-opacity":"","overlay-gradient":""}},"ast-content-background-meta":{"desktop":{"background-color":"var(--ast-global-color-5)","background-image":"","background-repeat":"repeat","background-position":"center center","background-size":"auto","background-attachment":"scroll","background-type":"","background-media":"","overlay-type":"","overlay-color":"","overlay-opacity":"","overlay-gradient":""},"tablet":{"background-color":"var(--ast-global-color-5)","background-image":"","background-repeat":"repeat","background-position":"center center","background-size":"auto","background-attachment":"scroll","background-type":"","background-media":"","overlay-type":"","overlay-color":"","overlay-opacity":"","overlay-gradient":""},"mobile":{"background-color":"var(--ast-global-color-5)","background-image":"","background-repeat":"repeat","background-position":"center center","background-size":"auto","background-attachment":"scroll","background-type":"","background-media":"","overlay-type":"","overlay-color":"","overlay-opacity":"","overlay-gradient":""}},"footnotes":""},"class_list":["post-3047","page","type-page","status-publish","hentry"],"_links":{"self":[{"href":"https:\/\/lijmedtube.com\/es\/wp-json\/wp\/v2\/pages\/3047","targetHints":{"allow":["GET"]}}],"collection":[{"href":"https:\/\/lijmedtube.com\/es\/wp-json\/wp\/v2\/pages"}],"about":[{"href":"https:\/\/lijmedtube.com\/es\/wp-json\/wp\/v2\/types\/page"}],"author":[{"embeddable":true,"href":"https:\/\/lijmedtube.com\/es\/wp-json\/wp\/v2\/users\/1"}],"replies":[{"embeddable":true,"href":"https:\/\/lijmedtube.com\/es\/wp-json\/wp\/v2\/comments?post=3047"}],"version-history":[{"count":12,"href":"https:\/\/lijmedtube.com\/es\/wp-json\/wp\/v2\/pages\/3047\/revisions"}],"predecessor-version":[{"id":3635,"href":"https:\/\/lijmedtube.com\/es\/wp-json\/wp\/v2\/pages\/3047\/revisions\/3635"}],"wp:attachment":[{"href":"https:\/\/lijmedtube.com\/es\/wp-json\/wp\/v2\/media?parent=3047"}],"curies":[{"name":"wp","href":"https:\/\/api.w.org\/{rel}","templated":true}]}}